{"id":50,"date":"2020-09-26T11:52:36","date_gmt":"2020-09-26T11:52:36","guid":{"rendered":"http:\/\/beckmann-k.de\/?page_id=50"},"modified":"2020-09-29T21:06:54","modified_gmt":"2020-09-29T19:06:54","slug":"ueber-mich","status":"publish","type":"page","link":"https:\/\/beckmann-si.de\/?page_id=50","title":{"rendered":"\u00dcber mich"},"content":{"rendered":"\n<p class=\"has-text-align-center\">&#8212;&#8212;&#8212;&#8212;&#8211; <strong>Wird noch erstellt<\/strong> &#8212;&#8212;&#8212;&#8212;&#8211;<\/p>\n\n\n\n<p><strong>1971 <\/strong>bin ich in Walsrode geboren<\/p>\n\n\n\n<p><strong>1988 <\/strong>habe ich meine Ausbildung mit dem Vorpraktikum begonnen. Hier habe ich schon gemerkt wie gut ich \u00fcber die Bewegung mit Kindern in den Kontakt kommen kann.<\/p>\n\n\n\n<p>W\u00e4hrend meiner Ausbildung zur staatlich anerkannte Erzieherin (seit <strong>1992<\/strong>) hat mich besonders interessiert, wie Bewegung und lernen zusammen h\u00e4ngen.<\/p>\n\n\n\n<p>Als ich dann meine eigenen Kinder (1995\/1997\/2008) bekommen habe, habe ich mich mit PEKIP (Prager-Eltern-Kind-Programm) besch\u00e4ftigt und erfahren wie wichtig Drehung, Krabbeln und die gesamte Bewegungsentwicklung ist.<\/p>\n\n\n\n<p>Ich habe einige Jahre PEKIP Gruppen in der Familienbildungsst\u00e4tte Pinneberg geleitet.<\/p>\n\n\n\n<p><strong>2000<\/strong> Mit dem Wiedereinstieg in den Beruf (<a rel=\"noreferrer noopener\" href=\"http:\/\/www.kindergarten-heidgraben.de\/\" target=\"_blank\"><span style=\"color:#1e0b8a\" class=\"has-inline-color\">Kindergarten Heidgraben<\/span><\/a>) habe ich die sensorische Integration kennengelernt.<\/p>\n\n\n\n<p>Ich arbeite mit <strong><a rel=\"noreferrer noopener\" href=\"http:\/\/www.utejunge.de\/\" data-type=\"URL\" data-id=\"http:\/\/www.utejunge.de\/\" target=\"_blank\"><span style=\"color:#1e0b8a\" class=\"has-inline-color\">Ute Junge<\/span><\/a><\/strong> zusammen\u00a0 und habe meinen Schwerpunkt mit gro\u00dfer Begeisterung in genau dieser Art der Arbeit und der Wahrnehmungsf\u00f6rderung gefunden.<\/p>\n\n\n\n<p><strong>2011 <\/strong>habe ich dann in Wien bei &#8218;<strong><a rel=\"noreferrer noopener\" href=\"http:\/\/www.seminarediebewegen.at\" target=\"_blank\"><span style=\"color:#1e0b8a\" class=\"has-inline-color\">Seminare die bewegen<\/span><\/a><\/strong>&#8218; die Lehrgangsreihe zur Sensorischen Integration abgeschlossen. <\/p>\n\n\n\n<p>Seit <strong>2017<\/strong> \u00fcbernehme ich zus\u00e4tzlich zu meiner Gruppenarbeit einen Teil der Heilp\u00e4dagogischen F\u00f6rderung im Kindergarten Heidgraben<\/p>\n","protected":false},"excerpt":{"rendered":"<p>&#8212;&#8212;&#8212;&#8212;&#8211; Wird noch erstellt &#8212;&#8212;&#8212;&#8212;&#8211; 1971 bin ich in Walsrode geboren 1988 habe ich meine Ausbildung mit dem Vorpraktikum begonnen. Hier habe ich schon gemerkt wie gut ich \u00fcber die Bewegung mit Kindern in den Kontakt kommen kann. W\u00e4hrend meiner Ausbildung zur staatlich anerkannte Erzieherin (seit 1992) hat mich besonders interessiert, wie Bewegung und lernen &hellip; <\/p>\n<p class=\"link-more\"><a href=\"https:\/\/beckmann-si.de\/?page_id=50\" class=\"more-link\"><span class=\"screen-reader-text\">\u201e\u00dcber mich\u201c<\/span> weiterlesen<\/a><\/p>\n","protected":false},"author":2,"featured_media":0,"parent":0,"menu_order":0,"comment_status":"closed","ping_status":"closed","template":"","meta":[],"_links":{"self":[{"href":"https:\/\/beckmann-si.de\/index.php?rest_route=\/wp\/v2\/pages\/50"}],"collection":[{"href":"https:\/\/beckmann-si.de\/index.php?rest_route=\/wp\/v2\/pages"}],"about":[{"href":"https:\/\/beckmann-si.de\/index.php?rest_route=\/wp\/v2\/types\/page"}],"author":[{"embeddable":true,"href":"https:\/\/beckmann-si.de\/index.php?rest_route=\/wp\/v2\/users\/2"}],"replies":[{"embeddable":true,"href":"https:\/\/beckmann-si.de\/index.php?rest_route=%2Fwp%2Fv2%2Fcomments&post=50"}],"version-history":[{"count":7,"href":"https:\/\/beckmann-si.de\/index.php?rest_route=\/wp\/v2\/pages\/50\/revisions"}],"predecessor-version":[{"id":87,"href":"https:\/\/beckmann-si.de\/index.php?rest_route=\/wp\/v2\/pages\/50\/revisions\/87"}],"wp:attachment":[{"href":"https:\/\/beckmann-si.de\/index.php?rest_route=%2Fwp%2Fv2%2Fmedia&parent=50"}],"curies":[{"name":"wp","href":"https:\/\/api.w.org\/{rel}","templated":true}]}}